{"id":90,"date":"2022-08-18T11:12:51","date_gmt":"2022-08-18T17:12:51","guid":{"rendered":"http:\/\/mwr.intesofthn.com\/wordpress\/?page_id=90"},"modified":"2026-03-19T00:28:00","modified_gmt":"2026-03-19T06:28:00","slug":"our-vision","status":"publish","type":"page","link":"https:\/\/nubol.net\/index.php\/nubol-solutions\/our-vision\/","title":{"rendered":"Nuestra Visi\u00f3n"},"content":{"rendered":"\n<p class=\"has-text-align-left\">&#8220;Ser l\u00edder en el mercado regional y reconocido internacionalmente por la calidad de los servicios prestados y soluciones tecnol\u00f3gicas desarrolladas para organizar y promover el uso adecuado de la informaci\u00f3n de los usuarios, logrando un posicionamiento comercial y la distinci\u00f3n de nuestros especialistas y asesores de negocio.&#8221;<\/p>\n\n\n\n<p>\u00bfPor qu\u00e9 nuestra visi\u00f3n?<\/p>\n\n\n\n<p>Nuestra visi\u00f3n de liderazgo y reconocimiento internacional nace de la convicci\u00f3n de que la informaci\u00f3n es el activo m\u00e1s valioso de la era moderna. Aspiramos a este horizonte por tres pilares estrat\u00e9gicos:<\/p>\n\n\n\n<ol class=\"wp-block-list\">\n<li><strong>El valor de la confianza:<\/strong>\u00a0Ser l\u00edderes regionales y referentes internacionales no es una meta de tama\u00f1o, sino de reputaci\u00f3n. Buscamos que el nombre de\u00a0<strong>N\u00fabol Solutions<\/strong>\u00a0sea sin\u00f3nimo de calidad indiscutible, donde cada soluci\u00f3n desarrollada sea una garant\u00eda de seguridad y eficiencia para el usuario.<\/li>\n\n\n\n<li><strong>Trascender la tecnolog\u00eda:<\/strong>\u00a0No solo desarrollamos software; organizamos el conocimiento. Nuestra visi\u00f3n nos impulsa a promover el\u00a0<strong>uso adecuado de la informaci\u00f3n<\/strong>, transformando datos dispersos en herramientas estrat\u00e9gicas que empoderen a nuestros clientes.<\/li>\n\n\n\n<li><strong>El talento como diferenciador:<\/strong>\u00a0Creemos firmemente que la tecnolog\u00eda solo llega lejos si va de la mano de expertos. Por eso, nuestra visi\u00f3n apuesta por la\u00a0<strong>distinci\u00f3n de nuestros especialistas<\/strong>, asegurando que detr\u00e1s de cada algoritmo haya un asesor de negocio con la capacidad de guiar a las empresas hacia el \u00e9xito global.<\/li>\n<\/ol>\n\n\n\n<p>Esta visi\u00f3n nos obliga a mantener est\u00e1ndares de excelencia que superen las fronteras, convirtiendo el talento local en una potencia de exportaci\u00f3n tecnol\u00f3gica.<\/p>\n","protected":false},"excerpt":{"rendered":"<p>&#8220;Ser l\u00edder en el mercado regional y reconocido internacionalmente por la calidad de los servicios prestados y soluciones tecnol\u00f3gicas desarrolladas para organizar y promover el [&hellip;]<\/p>\n","protected":false},"author":1,"featured_media":0,"parent":18,"menu_order":0,"comment_status":"closed","ping_status":"closed","template":"fullwidth-template.php","meta":{"footnotes":""},"class_list":["post-90","page","type-page","status-publish","hentry"],"_links":{"self":[{"href":"https:\/\/nubol.net\/index.php\/wp-json\/wp\/v2\/pages\/90","targetHints":{"allow":["GET"]}}],"collection":[{"href":"https:\/\/nubol.net\/index.php\/wp-json\/wp\/v2\/pages"}],"about":[{"href":"https:\/\/nubol.net\/index.php\/wp-json\/wp\/v2\/types\/page"}],"author":[{"embeddable":true,"href":"https:\/\/nubol.net\/index.php\/wp-json\/wp\/v2\/users\/1"}],"replies":[{"embeddable":true,"href":"https:\/\/nubol.net\/index.php\/wp-json\/wp\/v2\/comments?post=90"}],"version-history":[{"count":6,"href":"https:\/\/nubol.net\/index.php\/wp-json\/wp\/v2\/pages\/90\/revisions"}],"predecessor-version":[{"id":312,"href":"https:\/\/nubol.net\/index.php\/wp-json\/wp\/v2\/pages\/90\/revisions\/312"}],"up":[{"embeddable":true,"href":"https:\/\/nubol.net\/index.php\/wp-json\/wp\/v2\/pages\/18"}],"wp:attachment":[{"href":"https:\/\/nubol.net\/index.php\/wp-json\/wp\/v2\/media?parent=90"}],"curies":[{"name":"wp","href":"https:\/\/api.w.org\/{rel}","templated":true}]}}